{"id":8992,"date":"2023-05-22T23:35:14","date_gmt":"2023-05-22T20:35:14","guid":{"rendered":"https:\/\/devin.ee\/?page_id=8992"},"modified":"2025-04-10T19:21:48","modified_gmt":"2025-04-10T16:21:48","slug":"%d0%ba%d0%be%d0%bd%d1%82%d0%b0%d0%ba%d1%82","status":"publish","type":"page","link":"https:\/\/devin.ee\/ru\/%d0%ba%d0%be%d0%bd%d1%82%d0%b0%d0%ba%d1%82\/","title":{"rendered":"\u041a\u043e\u043d\u0442\u0430\u043a\u0442"},"content":{"rendered":"\t\t<div data-elementor-type=\"wp-page\" data-elementor-id=\"8992\" class=\"elementor elementor-8992 elementor-8746\" data-elementor-post-type=\"page\">\n\t\t\t\t<div class=\"wd-negative-gap elementor-element elementor-element-09436f9 e-flex e-con-boxed e-con e-parent\" data-id=\"09436f9\" data-element_type=\"container\">\n\t\t\t\t\t<div class=\"e-con-inner\">\n\t\t\t\t<div class=\"elementor-element elementor-element-7524e62 color-scheme-inherit text-left elementor-widget elementor-widget-text-editor\" data-id=\"7524e62\" data-element_type=\"widget\" data-widget_type=\"text-editor.default\">\n\t\t\t\t<div class=\"elementor-widget-container\">\n\t\t\t\t\t\t\t\t\t<p>\u041c\u044b \u0441 \u0440\u0430\u0434\u043e\u0441\u0442\u044c\u044e \u0441\u043d\u0430\u0431\u0436\u0430\u0435\u043c \u0441\u043f\u043e\u0440\u0442\u0438\u0432\u043d\u044b\u0435 \u043a\u043b\u0443\u0431\u044b, \u043a\u0430\u0444\u0435, \u0440\u0430\u0437\u0432\u043b\u0435\u043a\u0430\u0442\u0435\u043b\u044c\u043d\u044b\u0435 \u0446\u0435\u043d\u0442\u0440\u044b, \u043c\u0430\u0433\u0430\u0437\u0438\u043d\u044b \u0438 \u0434\u0440\u0443\u0433\u0438\u0435 \u0442\u043e\u0447\u043a\u0438 \u043f\u0440\u043e\u0434\u0430\u0436.  <strong>\u0417\u0430\u043f\u0440\u043e\u0441\u0438\u0442\u0435 \u0440\u0430\u0441\u0446\u0435\u043d\u043a\u0438!<\/strong><\/p>\n<p>\u0412\u044b \u0442\u0430\u043a\u0436\u0435 \u043c\u043e\u0436\u0435\u0442\u0435 \u0437\u0430\u0431\u0440\u0430\u0442\u044c \u0437\u0430\u043a\u0430\u0437\u0430\u043d\u043d\u044b\u0439 \u0432 \u0438\u043d\u0442\u0435\u0440\u043d\u0435\u0442-\u043c\u0430\u0433\u0430\u0437\u0438\u043d\u0435 \u0442\u043e\u0432\u0430\u0440 \u043f\u043e \u0430\u0434\u0440\u0435\u0441\u0443: \u041f\u044f\u0440\u043d\u0430\u043c\u044f\u044d \u0442\u0435\u044d 190, \u0412\u0438\u0439\u043c\u0441\u0438.<br> \u0421\u043a\u043b\u0430\u0434 Devin \u0432 \u042d\u0441\u0442\u043e\u043d\u0438\u0438 \u043e\u0442\u043a\u0440\u044b\u0442 \u043f\u043e \u0431\u0443\u0434\u043d\u044f\u043c \u0441 9:15 \u0434\u043e 16:30.<\/p>\t\t\t\t\t\t\t\t<\/div>\n\t\t\t\t<\/div>\n\t\t\t\t<div class=\"elementor-element elementor-element-b1527ed elementor-icon-list--layout-inline elementor-align-center elementor-list-item-link-full_width elementor-widget elementor-widget-icon-list\" data-id=\"b1527ed\" data-element_type=\"widget\" data-widget_type=\"icon-list.default\">\n\t\t\t\t<div class=\"elementor-widget-container\">\n\t\t\t\t\t\t\t<ul class=\"elementor-icon-list-items elementor-inline-items\">\n\t\t\t\t\t\t\t<li class=\"elementor-icon-list-item elementor-inline-item\">\n\t\t\t\t\t\t\t\t\t\t\t<a href=\"mailto:devin@devin.ee\">\n\n\t\t\t\t\t\t\t\t\t\t\t\t<span class=\"elementor-icon-list-icon\">\n\t\t\t\t\t\t\t<i aria-hidden=\"true\" class=\"fas fa-envelope\"><\/i>\t\t\t\t\t\t<\/span>\n\t\t\t\t\t\t\t\t\t\t<span class=\"elementor-icon-list-text\">\u0434\u0435\u0432\u0438\u043d@devin.ee<\/span>\n\t\t\t\t\t\t\t\t\t\t\t<\/a>\n\t\t\t\t\t\t\t\t\t<\/li>\n\t\t\t\t\t\t\t\t<li class=\"elementor-icon-list-item elementor-inline-item\">\n\t\t\t\t\t\t\t\t\t\t\t<a href=\"tel:+37255510707\">\n\n\t\t\t\t\t\t\t\t\t\t\t\t<span class=\"elementor-icon-list-icon\">\n\t\t\t\t\t\t\t<i aria-hidden=\"true\" class=\"fas fa-phone-alt\"><\/i>\t\t\t\t\t\t<\/span>\n\t\t\t\t\t\t\t\t\t\t<span class=\"elementor-icon-list-text\">+372 5551 0707<\/span>\n\t\t\t\t\t\t\t\t\t\t\t<\/a>\n\t\t\t\t\t\t\t\t\t<\/li>\n\t\t\t\t\t\t<\/ul>\n\t\t\t\t\t\t<\/div>\n\t\t\t\t<\/div>\n\t\t\t\t\t<\/div>\n\t\t\t\t<\/div>\n\t\t<div class=\"wd-negative-gap elementor-element elementor-element-2f8cbe5 e-flex e-con-boxed e-con e-parent\" data-id=\"2f8cbe5\" data-element_type=\"container\">\n\t\t\t\t\t<div class=\"e-con-inner\">\n\t\t\t\t<div class=\"elementor-element elementor-element-79f0664 elementor-widget elementor-widget-google_maps\" data-id=\"79f0664\" data-element_type=\"widget\" data-widget_type=\"google_maps.default\">\n\t\t\t\t<div class=\"elementor-widget-container\">\n\t\t\t\t\t\t\t<div class=\"elementor-custom-embed\">\n\t\t\t<iframe loading=\"lazy\"\n\t\t\t\t\tsrc=\"https:\/\/maps.google.com\/maps?q=P%C3%A4rnam%C3%A4e%20tee%20190%2C%2074020%20P%C3%A4rnam%C3%A4e%2C%20Viimsi%20vald%2C%20Eesti&#038;t=m&#038;z=12&#038;output=embed&#038;iwloc=near\"\n\t\t\t\t\ttitle=\"P\u00e4rnam\u00e4e tee 190, 74020 P\u00e4rnam\u00e4e, Viimsi vald, Eesti\"\n\t\t\t\t\taria-label=\"P\u00e4rnam\u00e4e tee 190, 74020 P\u00e4rnam\u00e4e, Viimsi vald, Eesti\"\n\t\t\t><\/iframe>\n\t\t<\/div>\n\t\t\t\t\t\t<\/div>\n\t\t\t\t<\/div>\n\t\t\t\t\t<\/div>\n\t\t\t\t<\/div>\n\t\t\t\t<\/div>\n\t\t","protected":false},"excerpt":{"rendered":"<p>\u041c\u044b \u0441 \u0440\u0430\u0434\u043e\u0441\u0442\u044c\u044e \u0441\u043d\u0430\u0431\u0436\u0430\u0435\u043c \u0441\u043f\u043e\u0440\u0442\u0438\u0432\u043d\u044b\u0435 \u043a\u043b\u0443\u0431\u044b, \u043a\u0430\u0444\u0435, \u0440\u0430\u0437\u0432\u043b\u0435\u043a\u0430\u0442\u0435\u043b\u044c\u043d\u044b\u0435 \u0446\u0435\u043d\u0442\u0440\u044b, \u043c\u0430\u0433\u0430\u0437\u0438\u043d\u044b \u0438 \u0434\u0440\u0443\u0433\u0438\u0435 \u0442\u043e\u0447\u043a\u0438 \u043f\u0440\u043e\u0434\u0430\u0436. \u0417\u0430\u043f\u0440\u043e\u0441\u0438\u0442\u0435 \u0440\u0430\u0441\u0446\u0435\u043d\u043a\u0438! \u0412\u044b \u0442\u0430\u043a\u0436\u0435 \u043c\u043e\u0436\u0435\u0442\u0435 \u0437\u0430\u0431\u0440\u0430\u0442\u044c<\/p>\n","protected":false},"author":1,"featured_media":0,"parent":0,"menu_order":0,"comment_status":"closed","ping_status":"closed","template":"","meta":{"inline_featured_image":false,"footnotes":""},"class_list":["post-8992","page","type-page","status-publish","hentry"],"yoast_head":"<!-- This site is optimized with the Yoast SEO plugin v26.5 - https:\/\/yoast.com\/wordpress\/plugins\/seo\/ -->\n<title>\u041a\u043e\u043d\u0442\u0430\u043a\u0442\u044b Devin \u0432 \u042d\u0441\u0442\u043e\u043d\u0438\u0438<\/title>\n<meta name=\"description\" content=\"\u041c\u044b \u0441 \u0440\u0430\u0434\u043e\u0441\u0442\u044c\u044e \u0441\u043d\u0430\u0431\u0436\u0430\u0435\u043c \u0441\u043f\u043e\u0440\u0442\u0438\u0432\u043d\u044b\u0435 \u043a\u043b\u0443\u0431\u044b, \u043a\u0430\u0444\u0435, \u0440\u0430\u0437\u0432\u043b\u0435\u043a\u0430\u0442\u0435\u043b\u044c\u043d\u044b\u0435 \u0446\u0435\u043d\u0442\u0440\u044b, \u043c\u0430\u0433\u0430\u0437\u0438\u043d\u044b \u0438 \u0434\u0440\u0443\u0433\u0438\u0435 \u0442\u043e\u0447\u043a\u0438 \u043f\u0440\u043e\u0434\u0430\u0436. \u0417\u0430\u043f\u0440\u043e\u0441\u0438\u0442\u0435 \u0440\u0430\u0441\u0446\u0435\u043d\u043a\u0438 \u043f\u043e \u0430\u0434\u0440\u0435\u0441\u0443 devin@devin.ee.\" \/>\n<meta name=\"robots\" content=\"index, follow, max-snippet:-1, max-image-preview:large, max-video-preview:-1\" \/>\n<link rel=\"canonical\" href=\"https:\/\/devin.ee\/ru\/%d0%ba%d0%be%d0%bd%d1%82%d0%b0%d0%ba%d1%82\/\" \/>\n<meta property=\"og:locale\" content=\"ru_RU\" \/>\n<meta property=\"og:type\" content=\"article\" \/>\n<meta property=\"og:title\" content=\"\u041a\u043e\u043d\u0442\u0430\u043a\u0442\u044b Devin \u0432 \u042d\u0441\u0442\u043e\u043d\u0438\u0438\" \/>\n<meta property=\"og:description\" content=\"\u041c\u044b \u0441 \u0440\u0430\u0434\u043e\u0441\u0442\u044c\u044e \u0441\u043d\u0430\u0431\u0436\u0430\u0435\u043c \u0441\u043f\u043e\u0440\u0442\u0438\u0432\u043d\u044b\u0435 \u043a\u043b\u0443\u0431\u044b, \u043a\u0430\u0444\u0435, \u0440\u0430\u0437\u0432\u043b\u0435\u043a\u0430\u0442\u0435\u043b\u044c\u043d\u044b\u0435 \u0446\u0435\u043d\u0442\u0440\u044b, \u043c\u0430\u0433\u0430\u0437\u0438\u043d\u044b \u0438 \u0434\u0440\u0443\u0433\u0438\u0435 \u0442\u043e\u0447\u043a\u0438 \u043f\u0440\u043e\u0434\u0430\u0436. \u0417\u0430\u043f\u0440\u043e\u0441\u0438\u0442\u0435 \u0440\u0430\u0441\u0446\u0435\u043d\u043a\u0438 \u043f\u043e \u0430\u0434\u0440\u0435\u0441\u0443 devin@devin.ee.\" \/>\n<meta property=\"og:url\" content=\"https:\/\/devin.ee\/ru\/%d0%ba%d0%be%d0%bd%d1%82%d0%b0%d0%ba%d1%82\/\" \/>\n<meta property=\"og:site_name\" content=\"Aluseline mineraalvesi Devin\" \/>\n<meta property=\"article:publisher\" content=\"https:\/\/www.facebook.com\/devineesti\" \/>\n<meta property=\"article:modified_time\" content=\"2025-04-10T16:21:48+00:00\" \/>\n<meta name=\"twitter:card\" content=\"summary_large_image\" \/>\n<script type=\"application\/ld+json\" class=\"yoast-schema-graph\">{\"@context\":\"https:\/\/schema.org\",\"@graph\":[{\"@type\":\"WebPage\",\"@id\":\"https:\/\/devin.ee\/ru\/%d0%ba%d0%be%d0%bd%d1%82%d0%b0%d0%ba%d1%82\/\",\"url\":\"https:\/\/devin.ee\/ru\/%d0%ba%d0%be%d0%bd%d1%82%d0%b0%d0%ba%d1%82\/\",\"name\":\"\u041a\u043e\u043d\u0442\u0430\u043a\u0442\u044b Devin \u0432 \u042d\u0441\u0442\u043e\u043d\u0438\u0438\",\"isPartOf\":{\"@id\":\"https:\/\/devin.ee\/ru\/#website\"},\"datePublished\":\"2023-05-22T20:35:14+00:00\",\"dateModified\":\"2025-04-10T16:21:48+00:00\",\"description\":\"\u041c\u044b \u0441 \u0440\u0430\u0434\u043e\u0441\u0442\u044c\u044e \u0441\u043d\u0430\u0431\u0436\u0430\u0435\u043c \u0441\u043f\u043e\u0440\u0442\u0438\u0432\u043d\u044b\u0435 \u043a\u043b\u0443\u0431\u044b, \u043a\u0430\u0444\u0435, \u0440\u0430\u0437\u0432\u043b\u0435\u043a\u0430\u0442\u0435\u043b\u044c\u043d\u044b\u0435 \u0446\u0435\u043d\u0442\u0440\u044b, \u043c\u0430\u0433\u0430\u0437\u0438\u043d\u044b \u0438 \u0434\u0440\u0443\u0433\u0438\u0435 \u0442\u043e\u0447\u043a\u0438 \u043f\u0440\u043e\u0434\u0430\u0436. \u0417\u0430\u043f\u0440\u043e\u0441\u0438\u0442\u0435 \u0440\u0430\u0441\u0446\u0435\u043d\u043a\u0438 \u043f\u043e \u0430\u0434\u0440\u0435\u0441\u0443 devin@devin.ee.\",\"breadcrumb\":{\"@id\":\"https:\/\/devin.ee\/ru\/%d0%ba%d0%be%d0%bd%d1%82%d0%b0%d0%ba%d1%82\/#breadcrumb\"},\"inLanguage\":\"ru-RU\",\"potentialAction\":[{\"@type\":\"ReadAction\",\"target\":[\"https:\/\/devin.ee\/ru\/%d0%ba%d0%be%d0%bd%d1%82%d0%b0%d0%ba%d1%82\/\"]}]},{\"@type\":\"BreadcrumbList\",\"@id\":\"https:\/\/devin.ee\/ru\/%d0%ba%d0%be%d0%bd%d1%82%d0%b0%d0%ba%d1%82\/#breadcrumb\",\"itemListElement\":[{\"@type\":\"ListItem\",\"position\":1,\"name\":\"Esileht\",\"item\":\"https:\/\/devin.ee\/ru\/\"},{\"@type\":\"ListItem\",\"position\":2,\"name\":\"\u041a\u043e\u043d\u0442\u0430\u043a\u0442\"}]},{\"@type\":\"WebSite\",\"@id\":\"https:\/\/devin.ee\/ru\/#website\",\"url\":\"https:\/\/devin.ee\/ru\/\",\"name\":\"Aluseline mineraalvesi Devin\",\"description\":\"Aluseline mineraalvesi Rhodope m&auml;gedest\",\"publisher\":{\"@id\":\"https:\/\/devin.ee\/ru\/#organization\"},\"alternateName\":\"Devin Eesti\",\"potentialAction\":[{\"@type\":\"SearchAction\",\"target\":{\"@type\":\"EntryPoint\",\"urlTemplate\":\"https:\/\/devin.ee\/ru\/?s={search_term_string}\"},\"query-input\":{\"@type\":\"PropertyValueSpecification\",\"valueRequired\":true,\"valueName\":\"search_term_string\"}}],\"inLanguage\":\"ru-RU\"},{\"@type\":\"Organization\",\"@id\":\"https:\/\/devin.ee\/ru\/#organization\",\"name\":\"Aariber O\u00dc\",\"url\":\"https:\/\/devin.ee\/ru\/\",\"logo\":{\"@type\":\"ImageObject\",\"inLanguage\":\"ru-RU\",\"@id\":\"https:\/\/devin.ee\/ru\/#\/schema\/logo\/image\/\",\"url\":\"https:\/\/devin.ee\/wp-content\/uploads\/2023\/05\/Devin-logo.svg\",\"contentUrl\":\"https:\/\/devin.ee\/wp-content\/uploads\/2023\/05\/Devin-logo.svg\",\"width\":303,\"height\":133,\"caption\":\"Aariber O\u00dc\"},\"image\":{\"@id\":\"https:\/\/devin.ee\/ru\/#\/schema\/logo\/image\/\"},\"sameAs\":[\"https:\/\/www.facebook.com\/devineesti\",\"https:\/\/www.instagram.com\/devineesti\/\"]}]}<\/script>\n<!-- \/ Yoast SEO plugin. -->","yoast_head_json":{"title":"\u041a\u043e\u043d\u0442\u0430\u043a\u0442\u044b Devin \u0432 \u042d\u0441\u0442\u043e\u043d\u0438\u0438","description":"\u041c\u044b \u0441 \u0440\u0430\u0434\u043e\u0441\u0442\u044c\u044e \u0441\u043d\u0430\u0431\u0436\u0430\u0435\u043c \u0441\u043f\u043e\u0440\u0442\u0438\u0432\u043d\u044b\u0435 \u043a\u043b\u0443\u0431\u044b, \u043a\u0430\u0444\u0435, \u0440\u0430\u0437\u0432\u043b\u0435\u043a\u0430\u0442\u0435\u043b\u044c\u043d\u044b\u0435 \u0446\u0435\u043d\u0442\u0440\u044b, \u043c\u0430\u0433\u0430\u0437\u0438\u043d\u044b \u0438 \u0434\u0440\u0443\u0433\u0438\u0435 \u0442\u043e\u0447\u043a\u0438 \u043f\u0440\u043e\u0434\u0430\u0436. \u0417\u0430\u043f\u0440\u043e\u0441\u0438\u0442\u0435 \u0440\u0430\u0441\u0446\u0435\u043d\u043a\u0438 \u043f\u043e \u0430\u0434\u0440\u0435\u0441\u0443 devin@devin.ee.","robots":{"index":"index","follow":"follow","max-snippet":"max-snippet:-1","max-image-preview":"max-image-preview:large","max-video-preview":"max-video-preview:-1"},"canonical":"https:\/\/devin.ee\/ru\/%d0%ba%d0%be%d0%bd%d1%82%d0%b0%d0%ba%d1%82\/","og_locale":"ru_RU","og_type":"article","og_title":"\u041a\u043e\u043d\u0442\u0430\u043a\u0442\u044b Devin \u0432 \u042d\u0441\u0442\u043e\u043d\u0438\u0438","og_description":"\u041c\u044b \u0441 \u0440\u0430\u0434\u043e\u0441\u0442\u044c\u044e \u0441\u043d\u0430\u0431\u0436\u0430\u0435\u043c \u0441\u043f\u043e\u0440\u0442\u0438\u0432\u043d\u044b\u0435 \u043a\u043b\u0443\u0431\u044b, \u043a\u0430\u0444\u0435, \u0440\u0430\u0437\u0432\u043b\u0435\u043a\u0430\u0442\u0435\u043b\u044c\u043d\u044b\u0435 \u0446\u0435\u043d\u0442\u0440\u044b, \u043c\u0430\u0433\u0430\u0437\u0438\u043d\u044b \u0438 \u0434\u0440\u0443\u0433\u0438\u0435 \u0442\u043e\u0447\u043a\u0438 \u043f\u0440\u043e\u0434\u0430\u0436. \u0417\u0430\u043f\u0440\u043e\u0441\u0438\u0442\u0435 \u0440\u0430\u0441\u0446\u0435\u043d\u043a\u0438 \u043f\u043e \u0430\u0434\u0440\u0435\u0441\u0443 devin@devin.ee.","og_url":"https:\/\/devin.ee\/ru\/%d0%ba%d0%be%d0%bd%d1%82%d0%b0%d0%ba%d1%82\/","og_site_name":"Aluseline mineraalvesi Devin","article_publisher":"https:\/\/www.facebook.com\/devineesti","article_modified_time":"2025-04-10T16:21:48+00:00","twitter_card":"summary_large_image","schema":{"@context":"https:\/\/schema.org","@graph":[{"@type":"WebPage","@id":"https:\/\/devin.ee\/ru\/%d0%ba%d0%be%d0%bd%d1%82%d0%b0%d0%ba%d1%82\/","url":"https:\/\/devin.ee\/ru\/%d0%ba%d0%be%d0%bd%d1%82%d0%b0%d0%ba%d1%82\/","name":"\u041a\u043e\u043d\u0442\u0430\u043a\u0442\u044b Devin \u0432 \u042d\u0441\u0442\u043e\u043d\u0438\u0438","isPartOf":{"@id":"https:\/\/devin.ee\/ru\/#website"},"datePublished":"2023-05-22T20:35:14+00:00","dateModified":"2025-04-10T16:21:48+00:00","description":"\u041c\u044b \u0441 \u0440\u0430\u0434\u043e\u0441\u0442\u044c\u044e \u0441\u043d\u0430\u0431\u0436\u0430\u0435\u043c \u0441\u043f\u043e\u0440\u0442\u0438\u0432\u043d\u044b\u0435 \u043a\u043b\u0443\u0431\u044b, \u043a\u0430\u0444\u0435, \u0440\u0430\u0437\u0432\u043b\u0435\u043a\u0430\u0442\u0435\u043b\u044c\u043d\u044b\u0435 \u0446\u0435\u043d\u0442\u0440\u044b, \u043c\u0430\u0433\u0430\u0437\u0438\u043d\u044b \u0438 \u0434\u0440\u0443\u0433\u0438\u0435 \u0442\u043e\u0447\u043a\u0438 \u043f\u0440\u043e\u0434\u0430\u0436. \u0417\u0430\u043f\u0440\u043e\u0441\u0438\u0442\u0435 \u0440\u0430\u0441\u0446\u0435\u043d\u043a\u0438 \u043f\u043e \u0430\u0434\u0440\u0435\u0441\u0443 devin@devin.ee.","breadcrumb":{"@id":"https:\/\/devin.ee\/ru\/%d0%ba%d0%be%d0%bd%d1%82%d0%b0%d0%ba%d1%82\/#breadcrumb"},"inLanguage":"ru-RU","potentialAction":[{"@type":"ReadAction","target":["https:\/\/devin.ee\/ru\/%d0%ba%d0%be%d0%bd%d1%82%d0%b0%d0%ba%d1%82\/"]}]},{"@type":"BreadcrumbList","@id":"https:\/\/devin.ee\/ru\/%d0%ba%d0%be%d0%bd%d1%82%d0%b0%d0%ba%d1%82\/#breadcrumb","itemListElement":[{"@type":"ListItem","position":1,"name":"Esileht","item":"https:\/\/devin.ee\/ru\/"},{"@type":"ListItem","position":2,"name":"\u041a\u043e\u043d\u0442\u0430\u043a\u0442"}]},{"@type":"WebSite","@id":"https:\/\/devin.ee\/ru\/#website","url":"https:\/\/devin.ee\/ru\/","name":"Aluseline mineraalvesi Devin","description":"Aluseline mineraalvesi Rhodope m&auml;gedest","publisher":{"@id":"https:\/\/devin.ee\/ru\/#organization"},"alternateName":"Devin Eesti","potentialAction":[{"@type":"SearchAction","target":{"@type":"EntryPoint","urlTemplate":"https:\/\/devin.ee\/ru\/?s={search_term_string}"},"query-input":{"@type":"PropertyValueSpecification","valueRequired":true,"valueName":"search_term_string"}}],"inLanguage":"ru-RU"},{"@type":"Organization","@id":"https:\/\/devin.ee\/ru\/#organization","name":"Aariber O\u00dc","url":"https:\/\/devin.ee\/ru\/","logo":{"@type":"ImageObject","inLanguage":"ru-RU","@id":"https:\/\/devin.ee\/ru\/#\/schema\/logo\/image\/","url":"https:\/\/devin.ee\/wp-content\/uploads\/2023\/05\/Devin-logo.svg","contentUrl":"https:\/\/devin.ee\/wp-content\/uploads\/2023\/05\/Devin-logo.svg","width":303,"height":133,"caption":"Aariber O\u00dc"},"image":{"@id":"https:\/\/devin.ee\/ru\/#\/schema\/logo\/image\/"},"sameAs":["https:\/\/www.facebook.com\/devineesti","https:\/\/www.instagram.com\/devineesti\/"]}]}},"_links":{"self":[{"href":"https:\/\/devin.ee\/ru\/wp-json\/wp\/v2\/pages\/8992","targetHints":{"allow":["GET"]}}],"collection":[{"href":"https:\/\/devin.ee\/ru\/wp-json\/wp\/v2\/pages"}],"about":[{"href":"https:\/\/devin.ee\/ru\/wp-json\/wp\/v2\/types\/page"}],"author":[{"embeddable":true,"href":"https:\/\/devin.ee\/ru\/wp-json\/wp\/v2\/users\/1"}],"replies":[{"embeddable":true,"href":"https:\/\/devin.ee\/ru\/wp-json\/wp\/v2\/comments?post=8992"}],"version-history":[{"count":5,"href":"https:\/\/devin.ee\/ru\/wp-json\/wp\/v2\/pages\/8992\/revisions"}],"predecessor-version":[{"id":10753,"href":"https:\/\/devin.ee\/ru\/wp-json\/wp\/v2\/pages\/8992\/revisions\/10753"}],"wp:attachment":[{"href":"https:\/\/devin.ee\/ru\/wp-json\/wp\/v2\/media?parent=8992"}],"curies":[{"name":"wp","href":"https:\/\/api.w.org\/{rel}","templated":true}]}}