{"id":8987,"date":"2023-05-22T23:35:14","date_gmt":"2023-05-22T20:35:14","guid":{"rendered":"https:\/\/devin.ee\/?page_id=8987"},"modified":"2025-04-10T19:21:52","modified_gmt":"2025-04-10T16:21:52","slug":"contact","status":"publish","type":"page","link":"https:\/\/devin.ee\/en\/contact\/","title":{"rendered":"Contact"},"content":{"rendered":"\t\t<div data-elementor-type=\"wp-page\" data-elementor-id=\"8987\" class=\"elementor elementor-8987 elementor-8746\" data-elementor-post-type=\"page\">\n\t\t\t\t<div class=\"wd-negative-gap elementor-element elementor-element-09436f9 e-flex e-con-boxed e-con e-parent\" data-id=\"09436f9\" data-element_type=\"container\">\n\t\t\t\t\t<div class=\"e-con-inner\">\n\t\t\t\t<div class=\"elementor-element elementor-element-7524e62 color-scheme-inherit text-left elementor-widget elementor-widget-text-editor\" data-id=\"7524e62\" data-element_type=\"widget\" data-widget_type=\"text-editor.default\">\n\t\t\t\t<div class=\"elementor-widget-container\">\n\t\t\t\t\t\t\t\t\t<p>We are happy to supply sports clubs, cafes, leisure centers, shops and other points of sale.  <strong>Ask for a quote!<\/strong><\/p>\n<p>You can also pick up goods ordered from the online store at P\u00e4rnam\u00e4e tee 190, Viimsi.<br> Devin&#8217;s Estonian warehouse is open on weekdays from 9:15 to 16:30.<\/p>\t\t\t\t\t\t\t\t<\/div>\n\t\t\t\t<\/div>\n\t\t\t\t<div class=\"elementor-element elementor-element-b1527ed elementor-icon-list--layout-inline elementor-align-center elementor-list-item-link-full_width elementor-widget elementor-widget-icon-list\" data-id=\"b1527ed\" data-element_type=\"widget\" data-widget_type=\"icon-list.default\">\n\t\t\t\t<div class=\"elementor-widget-container\">\n\t\t\t\t\t\t\t<ul class=\"elementor-icon-list-items elementor-inline-items\">\n\t\t\t\t\t\t\t<li class=\"elementor-icon-list-item elementor-inline-item\">\n\t\t\t\t\t\t\t\t\t\t\t<a href=\"mailto:devin@devin.ee\">\n\n\t\t\t\t\t\t\t\t\t\t\t\t<span class=\"elementor-icon-list-icon\">\n\t\t\t\t\t\t\t<i aria-hidden=\"true\" class=\"fas fa-envelope\"><\/i>\t\t\t\t\t\t<\/span>\n\t\t\t\t\t\t\t\t\t\t<span class=\"elementor-icon-list-text\">devin@devin.ee<\/span>\n\t\t\t\t\t\t\t\t\t\t\t<\/a>\n\t\t\t\t\t\t\t\t\t<\/li>\n\t\t\t\t\t\t\t\t<li class=\"elementor-icon-list-item elementor-inline-item\">\n\t\t\t\t\t\t\t\t\t\t\t<a href=\"tel:+37255510707\">\n\n\t\t\t\t\t\t\t\t\t\t\t\t<span class=\"elementor-icon-list-icon\">\n\t\t\t\t\t\t\t<i aria-hidden=\"true\" class=\"fas fa-phone-alt\"><\/i>\t\t\t\t\t\t<\/span>\n\t\t\t\t\t\t\t\t\t\t<span class=\"elementor-icon-list-text\">+372 5551 0707<\/span>\n\t\t\t\t\t\t\t\t\t\t\t<\/a>\n\t\t\t\t\t\t\t\t\t<\/li>\n\t\t\t\t\t\t<\/ul>\n\t\t\t\t\t\t<\/div>\n\t\t\t\t<\/div>\n\t\t\t\t\t<\/div>\n\t\t\t\t<\/div>\n\t\t<div class=\"wd-negative-gap elementor-element elementor-element-2f8cbe5 e-flex e-con-boxed e-con e-parent\" data-id=\"2f8cbe5\" data-element_type=\"container\">\n\t\t\t\t\t<div class=\"e-con-inner\">\n\t\t\t\t<div class=\"elementor-element elementor-element-79f0664 elementor-widget elementor-widget-google_maps\" data-id=\"79f0664\" data-element_type=\"widget\" data-widget_type=\"google_maps.default\">\n\t\t\t\t<div class=\"elementor-widget-container\">\n\t\t\t\t\t\t\t<div class=\"elementor-custom-embed\">\n\t\t\t<iframe loading=\"lazy\"\n\t\t\t\t\tsrc=\"https:\/\/maps.google.com\/maps?q=P%C3%A4rnam%C3%A4e%20tee%20190%2C%2074020%20P%C3%A4rnam%C3%A4e%2C%20Viimsi%20vald%2C%20Eesti&#038;t=m&#038;z=12&#038;output=embed&#038;iwloc=near\"\n\t\t\t\t\ttitle=\"P\u00e4rnam\u00e4e tee 190, 74020 P\u00e4rnam\u00e4e, Viimsi vald, Eesti\"\n\t\t\t\t\taria-label=\"P\u00e4rnam\u00e4e tee 190, 74020 P\u00e4rnam\u00e4e, Viimsi vald, Eesti\"\n\t\t\t><\/iframe>\n\t\t<\/div>\n\t\t\t\t\t\t<\/div>\n\t\t\t\t<\/div>\n\t\t\t\t\t<\/div>\n\t\t\t\t<\/div>\n\t\t\t\t<\/div>\n\t\t","protected":false},"excerpt":{"rendered":"<p>We are happy to supply sports clubs, cafes, leisure centers, shops and other points of sale. Ask for a quote!<\/p>\n","protected":false},"author":1,"featured_media":0,"parent":0,"menu_order":0,"comment_status":"closed","ping_status":"closed","template":"","meta":{"inline_featured_image":false,"footnotes":""},"class_list":["post-8987","page","type-page","status-publish","hentry"],"yoast_head":"<!-- This site is optimized with the Yoast SEO plugin v26.5 - https:\/\/yoast.com\/wordpress\/plugins\/seo\/ -->\n<title>Devin Estonian contacts<\/title>\n<meta name=\"description\" content=\"We are happy to supply sports clubs, cafes, leisure centres, shops and other points of sale. Request a quote at devin@devin.ee.\" \/>\n<meta name=\"robots\" content=\"index, follow, max-snippet:-1, max-image-preview:large, max-video-preview:-1\" \/>\n<link rel=\"canonical\" href=\"https:\/\/devin.ee\/en\/contact\/\" \/>\n<meta property=\"og:locale\" content=\"en_US\" \/>\n<meta property=\"og:type\" content=\"article\" \/>\n<meta property=\"og:title\" content=\"Devin Estonian contacts\" \/>\n<meta property=\"og:description\" content=\"We are happy to supply sports clubs, cafes, leisure centres, shops and other points of sale. Request a quote at devin@devin.ee.\" \/>\n<meta property=\"og:url\" content=\"https:\/\/devin.ee\/en\/contact\/\" \/>\n<meta property=\"og:site_name\" content=\"Aluseline mineraalvesi Devin\" \/>\n<meta property=\"article:publisher\" content=\"https:\/\/www.facebook.com\/devineesti\" \/>\n<meta property=\"article:modified_time\" content=\"2025-04-10T16:21:52+00:00\" \/>\n<meta name=\"twitter:card\" content=\"summary_large_image\" \/>\n<script type=\"application\/ld+json\" class=\"yoast-schema-graph\">{\"@context\":\"https:\/\/schema.org\",\"@graph\":[{\"@type\":\"WebPage\",\"@id\":\"https:\/\/devin.ee\/en\/contact\/\",\"url\":\"https:\/\/devin.ee\/en\/contact\/\",\"name\":\"Devin Estonian contacts\",\"isPartOf\":{\"@id\":\"https:\/\/devin.ee\/en\/#website\"},\"datePublished\":\"2023-05-22T20:35:14+00:00\",\"dateModified\":\"2025-04-10T16:21:52+00:00\",\"description\":\"We are happy to supply sports clubs, cafes, leisure centres, shops and other points of sale. Request a quote at devin@devin.ee.\",\"breadcrumb\":{\"@id\":\"https:\/\/devin.ee\/en\/contact\/#breadcrumb\"},\"inLanguage\":\"en-US\",\"potentialAction\":[{\"@type\":\"ReadAction\",\"target\":[\"https:\/\/devin.ee\/en\/contact\/\"]}]},{\"@type\":\"BreadcrumbList\",\"@id\":\"https:\/\/devin.ee\/en\/contact\/#breadcrumb\",\"itemListElement\":[{\"@type\":\"ListItem\",\"position\":1,\"name\":\"Esileht\",\"item\":\"https:\/\/devin.ee\/en\/\"},{\"@type\":\"ListItem\",\"position\":2,\"name\":\"Contact\"}]},{\"@type\":\"WebSite\",\"@id\":\"https:\/\/devin.ee\/en\/#website\",\"url\":\"https:\/\/devin.ee\/en\/\",\"name\":\"Aluseline mineraalvesi Devin\",\"description\":\"Aluseline mineraalvesi Rhodope m&auml;gedest\",\"publisher\":{\"@id\":\"https:\/\/devin.ee\/en\/#organization\"},\"alternateName\":\"Devin Eesti\",\"potentialAction\":[{\"@type\":\"SearchAction\",\"target\":{\"@type\":\"EntryPoint\",\"urlTemplate\":\"https:\/\/devin.ee\/en\/?s={search_term_string}\"},\"query-input\":{\"@type\":\"PropertyValueSpecification\",\"valueRequired\":true,\"valueName\":\"search_term_string\"}}],\"inLanguage\":\"en-US\"},{\"@type\":\"Organization\",\"@id\":\"https:\/\/devin.ee\/en\/#organization\",\"name\":\"Aariber O\u00dc\",\"url\":\"https:\/\/devin.ee\/en\/\",\"logo\":{\"@type\":\"ImageObject\",\"inLanguage\":\"en-US\",\"@id\":\"https:\/\/devin.ee\/en\/#\/schema\/logo\/image\/\",\"url\":\"https:\/\/devin.ee\/wp-content\/uploads\/2023\/05\/Devin-logo.svg\",\"contentUrl\":\"https:\/\/devin.ee\/wp-content\/uploads\/2023\/05\/Devin-logo.svg\",\"width\":303,\"height\":133,\"caption\":\"Aariber O\u00dc\"},\"image\":{\"@id\":\"https:\/\/devin.ee\/en\/#\/schema\/logo\/image\/\"},\"sameAs\":[\"https:\/\/www.facebook.com\/devineesti\",\"https:\/\/www.instagram.com\/devineesti\/\"]}]}<\/script>\n<!-- \/ Yoast SEO plugin. -->","yoast_head_json":{"title":"Devin Estonian contacts","description":"We are happy to supply sports clubs, cafes, leisure centres, shops and other points of sale. Request a quote at devin@devin.ee.","robots":{"index":"index","follow":"follow","max-snippet":"max-snippet:-1","max-image-preview":"max-image-preview:large","max-video-preview":"max-video-preview:-1"},"canonical":"https:\/\/devin.ee\/en\/contact\/","og_locale":"en_US","og_type":"article","og_title":"Devin Estonian contacts","og_description":"We are happy to supply sports clubs, cafes, leisure centres, shops and other points of sale. Request a quote at devin@devin.ee.","og_url":"https:\/\/devin.ee\/en\/contact\/","og_site_name":"Aluseline mineraalvesi Devin","article_publisher":"https:\/\/www.facebook.com\/devineesti","article_modified_time":"2025-04-10T16:21:52+00:00","twitter_card":"summary_large_image","schema":{"@context":"https:\/\/schema.org","@graph":[{"@type":"WebPage","@id":"https:\/\/devin.ee\/en\/contact\/","url":"https:\/\/devin.ee\/en\/contact\/","name":"Devin Estonian contacts","isPartOf":{"@id":"https:\/\/devin.ee\/en\/#website"},"datePublished":"2023-05-22T20:35:14+00:00","dateModified":"2025-04-10T16:21:52+00:00","description":"We are happy to supply sports clubs, cafes, leisure centres, shops and other points of sale. Request a quote at devin@devin.ee.","breadcrumb":{"@id":"https:\/\/devin.ee\/en\/contact\/#breadcrumb"},"inLanguage":"en-US","potentialAction":[{"@type":"ReadAction","target":["https:\/\/devin.ee\/en\/contact\/"]}]},{"@type":"BreadcrumbList","@id":"https:\/\/devin.ee\/en\/contact\/#breadcrumb","itemListElement":[{"@type":"ListItem","position":1,"name":"Esileht","item":"https:\/\/devin.ee\/en\/"},{"@type":"ListItem","position":2,"name":"Contact"}]},{"@type":"WebSite","@id":"https:\/\/devin.ee\/en\/#website","url":"https:\/\/devin.ee\/en\/","name":"Aluseline mineraalvesi Devin","description":"Aluseline mineraalvesi Rhodope m&auml;gedest","publisher":{"@id":"https:\/\/devin.ee\/en\/#organization"},"alternateName":"Devin Eesti","potentialAction":[{"@type":"SearchAction","target":{"@type":"EntryPoint","urlTemplate":"https:\/\/devin.ee\/en\/?s={search_term_string}"},"query-input":{"@type":"PropertyValueSpecification","valueRequired":true,"valueName":"search_term_string"}}],"inLanguage":"en-US"},{"@type":"Organization","@id":"https:\/\/devin.ee\/en\/#organization","name":"Aariber O\u00dc","url":"https:\/\/devin.ee\/en\/","logo":{"@type":"ImageObject","inLanguage":"en-US","@id":"https:\/\/devin.ee\/en\/#\/schema\/logo\/image\/","url":"https:\/\/devin.ee\/wp-content\/uploads\/2023\/05\/Devin-logo.svg","contentUrl":"https:\/\/devin.ee\/wp-content\/uploads\/2023\/05\/Devin-logo.svg","width":303,"height":133,"caption":"Aariber O\u00dc"},"image":{"@id":"https:\/\/devin.ee\/en\/#\/schema\/logo\/image\/"},"sameAs":["https:\/\/www.facebook.com\/devineesti","https:\/\/www.instagram.com\/devineesti\/"]}]}},"_links":{"self":[{"href":"https:\/\/devin.ee\/en\/wp-json\/wp\/v2\/pages\/8987","targetHints":{"allow":["GET"]}}],"collection":[{"href":"https:\/\/devin.ee\/en\/wp-json\/wp\/v2\/pages"}],"about":[{"href":"https:\/\/devin.ee\/en\/wp-json\/wp\/v2\/types\/page"}],"author":[{"embeddable":true,"href":"https:\/\/devin.ee\/en\/wp-json\/wp\/v2\/users\/1"}],"replies":[{"embeddable":true,"href":"https:\/\/devin.ee\/en\/wp-json\/wp\/v2\/comments?post=8987"}],"version-history":[{"count":3,"href":"https:\/\/devin.ee\/en\/wp-json\/wp\/v2\/pages\/8987\/revisions"}],"predecessor-version":[{"id":10757,"href":"https:\/\/devin.ee\/en\/wp-json\/wp\/v2\/pages\/8987\/revisions\/10757"}],"wp:attachment":[{"href":"https:\/\/devin.ee\/en\/wp-json\/wp\/v2\/media?parent=8987"}],"curies":[{"name":"wp","href":"https:\/\/api.w.org\/{rel}","templated":true}]}}